{"id":19,"date":"2024-02-29T20:25:01","date_gmt":"2024-02-29T20:25:01","guid":{"rendered":"https:\/\/somakuva.fi\/?page_id=19"},"modified":"2024-03-16T21:59:44","modified_gmt":"2024-03-16T21:59:44","slug":"passikuvat","status":"publish","type":"page","link":"https:\/\/somakuva.fi\/index.php\/passikuvat\/","title":{"rendered":"Passikuvat"},"content":{"rendered":"\n<p class=\"has-text-align-center\">Hinta 20\u20ac<\/p>\n\n\n\n<p class=\"has-text-align-center\">Passikuva toimitetaan suoraan viranomaisen j\u00e4rjestelm\u00e4\u00e4n.<br>Ajanvaraus puhelimitse: 040 1929491<\/p>\n\n\n\n<p class=\"has-text-align-center\">Kuvaus asiakkaan kotona my\u00f6s mahdollista, hinta sovitaan erikseen.<\/p>\n\n\n\n<div class=\"wp-block-buttons is-content-justification-center is-layout-flex wp-container-core-buttons-is-layout-a89b3969 wp-block-buttons-is-layout-flex\"><\/div>\n\n\n\n<div style=\"height:14px\" aria-hidden=\"true\" class=\"wp-block-spacer\"><\/div>\n","protected":false},"excerpt":{"rendered":"<p>Hinta 20\u20ac Passikuva toimitetaan suoraan viranomaisen j\u00e4rjestelm\u00e4\u00e4n.Ajanvaraus puhelimitse: 040 1929491 Kuvaus asiakkaan kotona my\u00f6s mahdollista, hinta sovitaan erikseen.<\/p>\n","protected":false},"author":1,"featured_media":26,"parent":0,"menu_order":0,"comment_status":"closed","ping_status":"closed","template":"","meta":{"footnotes":""},"class_list":["post-19","page","type-page","status-publish","has-post-thumbnail","hentry"],"_links":{"self":[{"href":"https:\/\/somakuva.fi\/index.php\/wp-json\/wp\/v2\/pages\/19","targetHints":{"allow":["GET"]}}],"collection":[{"href":"https:\/\/somakuva.fi\/index.php\/wp-json\/wp\/v2\/pages"}],"about":[{"href":"https:\/\/somakuva.fi\/index.php\/wp-json\/wp\/v2\/types\/page"}],"author":[{"embeddable":true,"href":"https:\/\/somakuva.fi\/index.php\/wp-json\/wp\/v2\/users\/1"}],"replies":[{"embeddable":true,"href":"https:\/\/somakuva.fi\/index.php\/wp-json\/wp\/v2\/comments?post=19"}],"version-history":[{"count":15,"href":"https:\/\/somakuva.fi\/index.php\/wp-json\/wp\/v2\/pages\/19\/revisions"}],"predecessor-version":[{"id":113,"href":"https:\/\/somakuva.fi\/index.php\/wp-json\/wp\/v2\/pages\/19\/revisions\/113"}],"wp:featuredmedia":[{"embeddable":true,"href":"https:\/\/somakuva.fi\/index.php\/wp-json\/wp\/v2\/media\/26"}],"wp:attachment":[{"href":"https:\/\/somakuva.fi\/index.php\/wp-json\/wp\/v2\/media?parent=19"}],"curies":[{"name":"wp","href":"https:\/\/api.w.org\/{rel}","templated":true}]}}